{"id":9899,"date":"2025-02-10T15:36:37","date_gmt":"2025-02-10T14:36:37","guid":{"rendered":"https:\/\/eshop.potravinarskypavilon.cz\/?post_type=product&#038;p=9899"},"modified":"2025-12-10T10:14:08","modified_gmt":"2025-12-10T09:14:08","slug":"vanocni-set-vybranych-masnych-pochoutek-objednat-do-9-12-2025","status":"publish","type":"product","link":"https:\/\/eshop.potravinarskypavilon.cz\/en\/product\/vanocni-set-vybranych-masnych-pochoutek-objednat-do-9-12-2025\/","title":{"rendered":"V\u00e1no\u010dn\u00ed set vybran\u00fdch masn\u00fdch pochoutek &#8211; objednat do 9.12.2025"},"content":{"rendered":"<p><span style=\"font-weight: 400;\">Probu\u010fte sv\u00e9 chu\u0165ov\u00e9 bu\u0148ky <strong>kladen baking<\/strong> (300g), enjoy <strong>pork in its own juice<\/strong> (300g) a nem\u016f\u017ee chyb\u011bt tradi\u010dn\u00ed \u010desk\u00fd sal\u00e1m <strong>Gothaj <\/strong>(500g).<\/span><\/p>\n<p><span style=\"color: #ff0000;\">Ilustra\u010dn\u00ed foto<\/span><\/p>\n<p>&nbsp;<\/p>\n<hr \/>\n<p><strong>Kladno roast<\/strong><\/p>\n<p><strong>Ingredients: <\/strong>95 % obsahu masa, vep\u0159ov\u00e1 pe\u010den\u011b, pitn\u00e1 voda, dusitovan\u00e1 sol\u00edc\u00ed sm\u011bs, gluk\u00f3zov\u00fd sirup, antioxidant E301, E450, pep\u0159ov\u00fd extrakt.<\/p>\n<p>Product weight: 300 g<\/p>\n<p>Precooked and ready to eat.<\/p>\n<p>Store at +5 to +10 \u00b0C. Consume within 48 hours of opening.<\/p>\n<hr \/>\n<p><strong>Juicy pork<\/strong><\/p>\n<p><strong>Ingredients:<\/strong>\u00a0Pork (leg, shoulder and neck), meat broth, pork rind, salt with iodine and pepper.<\/p>\n<p>Product weight: 300 g<\/p>\n<p>Precooked and ready to eat.<\/p>\n<p>Store at +5 to +10 \u00b0C. Consume within 48 hours of opening.<\/p>\n<hr \/>\n<p><strong>Tradi\u010dn\u00ed \u010desk\u00fd Gothaj<\/strong><\/p>\n<p><strong>Ingredients: <\/strong>70 % vep\u0159ov\u00e9 + hov\u011bz\u00ed maso, 25 % vep\u0159ov\u00e9 s\u00e1dlo, pitn\u00e1 voda, dusitanov\u00e1 sol. sm\u011bs, \u010desnek, paprikov\u00fd extrakt, paprika, pep\u0159, mu\u0161k\u00e1tov\u00fd o\u0159ech, antioxidant E300, stabiliz\u00e1tor E451.<\/p>\n<p>Product weight: 500 g<\/p>\n<p>Precooked and ready to eat.<\/p>\n<p>Store at +5 to +10 \u00b0C. Consume within 48 hours of opening.<\/p>","protected":false},"excerpt":{"rendered":"<p>Probu\u010fte sv\u00e9 chu\u0165ov\u00e9 bu\u0148ky <strong>kladen baking<\/strong> (300g), enjoy <strong>pork in its own juice<\/strong> (300g) a nem\u016f\u017ee chyb\u011bt tradi\u010dn\u00ed \u010desk\u00fd sal\u00e1m <strong>Gothaj <\/strong>(500g).<\/p>\n<p><span style=\"color: #ff6600;\">Ilustra\u010dn\u00ed foto<\/span><\/p>","protected":false},"author":1,"featured_media":8979,"template":"","meta":[],"product_brand":[],"product_cat":[183],"product_tag":[112,188,185],"class_list":{"0":"post-9899","1":"product","2":"type-product","3":"status-publish","4":"has-post-thumbnail","6":"product_cat-akcni-balicky","7":"product_tag-maso","8":"product_tag-vanoce","9":"product_tag-vanocni-balicky","11":"first","12":"outofstock","13":"taxable","14":"shipping-taxable","15":"purchasable","16":"product-type-simple"},"_links":{"self":[{"href":"https:\/\/eshop.potravinarskypavilon.cz\/en\/wp-json\/wp\/v2\/product\/9899","targetHints":{"allow":["GET"]}}],"collection":[{"href":"https:\/\/eshop.potravinarskypavilon.cz\/en\/wp-json\/wp\/v2\/product"}],"about":[{"href":"https:\/\/eshop.potravinarskypavilon.cz\/en\/wp-json\/wp\/v2\/types\/product"}],"author":[{"embeddable":true,"href":"https:\/\/eshop.potravinarskypavilon.cz\/en\/wp-json\/wp\/v2\/users\/1"}],"wp:featuredmedia":[{"embeddable":true,"href":"https:\/\/eshop.potravinarskypavilon.cz\/en\/wp-json\/wp\/v2\/media\/8979"}],"wp:attachment":[{"href":"https:\/\/eshop.potravinarskypavilon.cz\/en\/wp-json\/wp\/v2\/media?parent=9899"}],"wp:term":[{"taxonomy":"product_brand","embeddable":true,"href":"https:\/\/eshop.potravinarskypavilon.cz\/en\/wp-json\/wp\/v2\/product_brand?post=9899"},{"taxonomy":"product_cat","embeddable":true,"href":"https:\/\/eshop.potravinarskypavilon.cz\/en\/wp-json\/wp\/v2\/product_cat?post=9899"},{"taxonomy":"product_tag","embeddable":true,"href":"https:\/\/eshop.potravinarskypavilon.cz\/en\/wp-json\/wp\/v2\/product_tag?post=9899"}],"curies":[{"name":"wp","href":"https:\/\/api.w.org\/{rel}","templated":true}]}}