{"id":9894,"date":"2025-02-10T15:36:36","date_gmt":"2025-02-10T14:36:36","guid":{"rendered":"https:\/\/eshop.potravinarskypavilon.cz\/?post_type=product&#038;p=9894"},"modified":"2025-12-10T10:14:25","modified_gmt":"2025-12-10T09:14:25","slug":"vanocni-gurmansky-set-masnych-vyrobku-objednat-do-9-12-2025","status":"publish","type":"product","link":"https:\/\/eshop.potravinarskypavilon.cz\/en\/product\/vanocni-gurmansky-set-masnych-vyrobku-objednat-do-9-12-2025\/","title":{"rendered":"V\u00e1no\u010dn\u00ed gurm\u00e1nsk\u00fd set masn\u00fdch v\u00fdrobk\u016f &#8211; objednat do 9.12.2025"},"content":{"rendered":"<p><span style=\"font-weight: 400;\">U\u017eijte si bohatou chu\u0165 tradi\u010dn\u00ed <strong>vinn\u00e9 klob\u00e1sy<\/strong> (400g), dop\u0159ejte si kousek v\u00e1no\u010dn\u00ed atmosf\u00e9ry s <strong>v\u00e1no\u010dn\u00edm sal\u00e1mem<\/strong> (350g), taste the luxury of <strong>pates in glass<\/strong> (180g).<\/span><\/p>\n<hr \/>\n<p><strong>Wine sausage<\/strong><\/p>\n<p><strong>Ingredients: <\/strong>Pork and beef,  bread (wheat flour), water, milk, white wine, salt with iodine, garlic, spices, dextrose, natural flavoring, E262, E300 and E330. Contains gluten and dairy.<\/p>\n<p>Product weight: 400g<\/p>\n<p>Polotovar k tepeln\u00e9 \u00faprav\u011b, ve skopov\u00e9m st\u0159\u00edvku (p\u0159\u00edrodn\u00e9 jedl\u00e9 st\u0159evo). Baleno do ochrann\u00e9 atmosf\u00e9ry.<\/p>\n<p>Store at +5 to +10 \u00b0C. Consume within 48 hours of opening.<\/p>\n<hr \/>\n<p><strong>V\u00e1no\u010dn\u00ed sal\u00e1m<\/strong><\/p>\n<p><strong>Ingredients: <\/strong>72% vep\u0159ov\u00e9 + 19% hov\u011bz\u00ed maso, pitn\u00e1 voda, dusitanov\u00e1 sol\u00edc\u00ed sm\u011bs, ko\u0159en\u00ed, antioxidant E301, stabiliz\u00e1tor E451, dochucovadlo E621. Baleno do vakua.<\/p>\n<p>Product weight: 350g<\/p>\n<p>Precooked, vacuum packed and ready to eat.<\/p>\n<p>Store at +5 to +10 \u00b0C. Consume within 48 hours of opening.<\/p>\n<hr \/>\n<p><strong>P\u00e2t\u00e9 with pork liver<\/strong><\/p>\n<p><strong>Ingredients:<\/strong> 55% vep\u0159ov\u00e9 maso, 45% vep\u0159ov\u00e1 j\u00e1tra, dusitanov\u00e1 sol\u00edc\u00ed, sm\u011bs, kuku\u0159i\u010dn\u00fd \u0161krob, cibule, \u010desnek, E621, ko\u0159en\u00ed, obsahuje LAKT\u00d3ZU, CELER a HO\u0158\u010cICI.<\/p>\n<p>Product weight: 180g<\/p>\n<p>Precooked and ready to eat.<\/p>\n<p>Store at +5 to +10 \u00b0C. Consume within 48 hours of opening.<\/p>\n<hr \/>","protected":false},"excerpt":{"rendered":"<p><span style=\"font-weight: 400;\">Christmas package includes traditional <strong>wine sausage<\/strong> (400g), <strong>Christmas salami<\/strong> (350g) a luxusn\u00ed <strong>pa\u0161tiku ve skle<\/strong> (180g).<\/span><\/p>\n<p><span style=\"color: #ff6600;\">Ilustra\u010dn\u00ed foto<\/span><\/p>","protected":false},"author":1,"featured_media":8978,"template":"","meta":[],"product_brand":[],"product_cat":[183],"product_tag":[112,185],"class_list":{"0":"post-9894","1":"product","2":"type-product","3":"status-publish","4":"has-post-thumbnail","6":"product_cat-akcni-balicky","7":"product_tag-maso","8":"product_tag-vanocni-balicky","10":"first","11":"outofstock","12":"taxable","13":"shipping-taxable","14":"purchasable","15":"product-type-simple"},"_links":{"self":[{"href":"https:\/\/eshop.potravinarskypavilon.cz\/en\/wp-json\/wp\/v2\/product\/9894","targetHints":{"allow":["GET"]}}],"collection":[{"href":"https:\/\/eshop.potravinarskypavilon.cz\/en\/wp-json\/wp\/v2\/product"}],"about":[{"href":"https:\/\/eshop.potravinarskypavilon.cz\/en\/wp-json\/wp\/v2\/types\/product"}],"author":[{"embeddable":true,"href":"https:\/\/eshop.potravinarskypavilon.cz\/en\/wp-json\/wp\/v2\/users\/1"}],"wp:featuredmedia":[{"embeddable":true,"href":"https:\/\/eshop.potravinarskypavilon.cz\/en\/wp-json\/wp\/v2\/media\/8978"}],"wp:attachment":[{"href":"https:\/\/eshop.potravinarskypavilon.cz\/en\/wp-json\/wp\/v2\/media?parent=9894"}],"wp:term":[{"taxonomy":"product_brand","embeddable":true,"href":"https:\/\/eshop.potravinarskypavilon.cz\/en\/wp-json\/wp\/v2\/product_brand?post=9894"},{"taxonomy":"product_cat","embeddable":true,"href":"https:\/\/eshop.potravinarskypavilon.cz\/en\/wp-json\/wp\/v2\/product_cat?post=9894"},{"taxonomy":"product_tag","embeddable":true,"href":"https:\/\/eshop.potravinarskypavilon.cz\/en\/wp-json\/wp\/v2\/product_tag?post=9894"}],"curies":[{"name":"wp","href":"https:\/\/api.w.org\/{rel}","templated":true}]}}