{"id":4646,"date":"2021-05-10T04:54:12","date_gmt":"2021-05-10T04:54:12","guid":{"rendered":"https:\/\/demo.casethemes.net\/organio\/?page_id=4646"},"modified":"2021-05-10T04:54:12","modified_gmt":"2021-05-10T04:54:12","slug":"message-box","status":"publish","type":"page","link":"https:\/\/eshop.potravinarskypavilon.cz\/en\/elements\/message-box\/","title":{"rendered":"Message Box"},"content":{"rendered":"<div data-elementor-type=\"wp-page\" data-elementor-id=\"4646\" class=\"elementor elementor-4646\" data-elementor-post-type=\"page\">\n\t\t\t\t\t\t<section class=\"elementor-section elementor-top-section elementor-element elementor-element-1b1bae0 elementor-section-boxed elementor-section-height-default elementor-section-height-default\" data-id=\"1b1bae0\" data-element_type=\"section\" data-e-type=\"section\">\n\t\t\t\t\t\t<div class=\"elementor-container elementor-column-gap-extended\">\n\t\t\t\t\t<div class=\"elementor-column elementor-col-100 elementor-top-column elementor-element elementor-element-e006e19\" data-id=\"e006e19\" data-element_type=\"column\" data-e-type=\"column\">\n\t\t\t<div class=\"elementor-widget-wrap elementor-element-populated\">\n\t\t\t\t\t\t<div class=\"elementor-element elementor-element-c309274 elementor-alert-info elementor-widget elementor-widget-alert\" data-id=\"c309274\" data-element_type=\"widget\" data-e-type=\"widget\" data-widget_type=\"alert.default\">\n\t\t\t\t<div class=\"elementor-widget-container\">\n\t\t\t\t\t\t\t<div class=\"elementor-alert\" role=\"alert\">\n\n\t\t\t\t\t\t<span class=\"elementor-alert-title\">This is an Alert<\/span>\n\t\t\t\n\t\t\t\t\t\t<span class=\"elementor-alert-description\">I am a description. Click the edit button to change this text.<\/span>\n\t\t\t\n\t\t\t\t\t\t<button type=\"button\" class=\"elementor-alert-dismiss\" aria-label=\"Zav\u0159\u00edt toto upozorn\u011bn\u00ed.\">\n\t\t\t\t\t\t\t\t\t<span aria-hidden=\"true\">\u00d7<\/span>\n\t\t\t\t\t\t\t<\/button>\n\t\t\t\n\t\t<\/div>\n\t\t\t\t\t\t<\/div>\n\t\t\t\t<\/div>\n\t\t\t\t<div class=\"elementor-element elementor-element-7846619 elementor-alert-success elementor-widget elementor-widget-alert\" data-id=\"7846619\" data-element_type=\"widget\" data-e-type=\"widget\" data-widget_type=\"alert.default\">\n\t\t\t\t<div class=\"elementor-widget-container\">\n\t\t\t\t\t\t\t<div class=\"elementor-alert\" role=\"alert\">\n\n\t\t\t\t\t\t<span class=\"elementor-alert-title\">This is an Alert<\/span>\n\t\t\t\n\t\t\t\t\t\t<span class=\"elementor-alert-description\">I am a description. Click the edit button to change this text.<\/span>\n\t\t\t\n\t\t\t\t\t\t<button type=\"button\" class=\"elementor-alert-dismiss\" aria-label=\"Zav\u0159\u00edt toto upozorn\u011bn\u00ed.\">\n\t\t\t\t\t\t\t\t\t<span aria-hidden=\"true\">\u00d7<\/span>\n\t\t\t\t\t\t\t<\/button>\n\t\t\t\n\t\t<\/div>\n\t\t\t\t\t\t<\/div>\n\t\t\t\t<\/div>\n\t\t\t\t<div class=\"elementor-element elementor-element-f905d83 elementor-alert-warning elementor-widget elementor-widget-alert\" data-id=\"f905d83\" data-element_type=\"widget\" data-e-type=\"widget\" data-widget_type=\"alert.default\">\n\t\t\t\t<div class=\"elementor-widget-container\">\n\t\t\t\t\t\t\t<div class=\"elementor-alert\" role=\"alert\">\n\n\t\t\t\t\t\t<span class=\"elementor-alert-title\">This is an Alert<\/span>\n\t\t\t\n\t\t\t\t\t\t<span class=\"elementor-alert-description\">I am a description. Click the edit button to change this text.<\/span>\n\t\t\t\n\t\t\t\t\t\t<button type=\"button\" class=\"elementor-alert-dismiss\" aria-label=\"Zav\u0159\u00edt toto upozorn\u011bn\u00ed.\">\n\t\t\t\t\t\t\t\t\t<span aria-hidden=\"true\">\u00d7<\/span>\n\t\t\t\t\t\t\t<\/button>\n\t\t\t\n\t\t<\/div>\n\t\t\t\t\t\t<\/div>\n\t\t\t\t<\/div>\n\t\t\t\t<div class=\"elementor-element elementor-element-2e31416 elementor-alert-danger elementor-widget elementor-widget-alert\" data-id=\"2e31416\" data-element_type=\"widget\" data-e-type=\"widget\" data-widget_type=\"alert.default\">\n\t\t\t\t<div class=\"elementor-widget-container\">\n\t\t\t\t\t\t\t<div class=\"elementor-alert\" role=\"alert\">\n\n\t\t\t\t\t\t<span class=\"elementor-alert-title\">This is an Alert<\/span>\n\t\t\t\n\t\t\t\t\t\t<span class=\"elementor-alert-description\">I am a description. Click the edit button to change this text.<\/span>\n\t\t\t\n\t\t\t\t\t\t<button type=\"button\" class=\"elementor-alert-dismiss\" aria-label=\"Zav\u0159\u00edt toto upozorn\u011bn\u00ed.\">\n\t\t\t\t\t\t\t\t\t<span aria-hidden=\"true\">\u00d7<\/span>\n\t\t\t\t\t\t\t<\/button>\n\t\t\t\n\t\t<\/div>\n\t\t\t\t\t\t<\/div>\n\t\t\t\t<\/div>\n\t\t\t\t\t<\/div>\n\t\t<\/div>\n\t\t\t\t\t<\/div>\n\t\t<\/section>\n\t\t\t\t<\/div>","protected":false},"excerpt":{"rendered":"<p>This is an Alert I am a description. Click the edit button to change this text. &times; Dismiss alert This is an Alert I am a description. Click the edit button to change this text. &times; Dismiss alert This is an Alert I am a description. Click the edit button to change this text. &times; [&hellip;]<\/p>","protected":false},"author":1,"featured_media":0,"parent":4623,"menu_order":0,"comment_status":"closed","ping_status":"closed","template":"","meta":{"footnotes":""},"class_list":["post-4646","page","type-page","status-publish","hentry"],"_links":{"self":[{"href":"https:\/\/eshop.potravinarskypavilon.cz\/en\/wp-json\/wp\/v2\/pages\/4646","targetHints":{"allow":["GET"]}}],"collection":[{"href":"https:\/\/eshop.potravinarskypavilon.cz\/en\/wp-json\/wp\/v2\/pages"}],"about":[{"href":"https:\/\/eshop.potravinarskypavilon.cz\/en\/wp-json\/wp\/v2\/types\/page"}],"author":[{"embeddable":true,"href":"https:\/\/eshop.potravinarskypavilon.cz\/en\/wp-json\/wp\/v2\/users\/1"}],"replies":[{"embeddable":true,"href":"https:\/\/eshop.potravinarskypavilon.cz\/en\/wp-json\/wp\/v2\/comments?post=4646"}],"version-history":[{"count":0,"href":"https:\/\/eshop.potravinarskypavilon.cz\/en\/wp-json\/wp\/v2\/pages\/4646\/revisions"}],"up":[{"embeddable":true,"href":"https:\/\/eshop.potravinarskypavilon.cz\/en\/wp-json\/wp\/v2\/pages\/4623"}],"wp:attachment":[{"href":"https:\/\/eshop.potravinarskypavilon.cz\/en\/wp-json\/wp\/v2\/media?parent=4646"}],"curies":[{"name":"wp","href":"https:\/\/api.w.org\/{rel}","templated":true}]}}