{"id":3,"date":"2021-03-11T03:42:01","date_gmt":"2021-03-11T02:42:01","guid":{"rendered":"https:\/\/demo.casethemes.net\/organio\/?page_id=3"},"modified":"2023-03-30T17:29:26","modified_gmt":"2023-03-30T15:29:26","slug":"zpracovani-a-ochrana-osobnich-udaju-gdpr","status":"publish","type":"page","link":"https:\/\/eshop.potravinarskypavilon.cz\/en\/zpracovani-a-ochrana-osobnich-udaju-gdpr\/","title":{"rendered":"Processing and protection of personal data (GDPR)"},"content":{"rendered":"<div data-elementor-type=\"wp-page\" data-elementor-id=\"3\" class=\"elementor elementor-3\" data-elementor-post-type=\"page\">\n\t\t\t\t\t\t<section class=\"elementor-section elementor-top-section elementor-element elementor-element-b8832ad elementor-section-boxed elementor-section-height-default elementor-section-height-default\" data-id=\"b8832ad\" data-element_type=\"section\" data-e-type=\"section\">\n\t\t\t\t\t\t<div class=\"elementor-container elementor-column-gap-default\">\n\t\t\t\t\t<div class=\"elementor-column elementor-col-100 elementor-top-column elementor-element elementor-element-77ce484\" data-id=\"77ce484\" data-element_type=\"column\" data-e-type=\"column\">\n\t\t\t<div class=\"elementor-widget-wrap\">\n\t\t\t\t\t\t\t<\/div>\n\t\t<\/div>\n\t\t\t\t\t<\/div>\n\t\t<\/section>\n\t\t\t\t<\/div>","protected":false},"excerpt":{"rendered":"<p>Spr\u00e1vce \u010cesk\u00e1 zem\u011bd\u011blsk\u00e1 univerzita v Praze, Kam\u00fdck\u00e1 129, 165 00 Praha \u2013 Suchdol (Potravin\u00e1\u0159sk\u00fd pavilon &#8211; budova FAPPZ \u2013 F). Z\u00e1konn\u00fd d\u016fvod zpracov\u00e1n\u00ed osobn\u00edch \u00fadaj\u016f Spr\u00e1vce prohla\u0161uje \u017ee spl\u0148uje ve\u0161ker\u00e9 z\u00e1konn\u00e9 povinnosti vy\u017eadovan\u00e9 platnou legislativou, zejm\u00e9na z\u00e1konem o ochran\u011b osobn\u00edch \u00fadaj\u016f a GDPR, a tedy, \u017ee zpracov\u00e1v\u00e1 osobn\u00ed \u00fadaje jen na z\u00e1klad\u011b platn\u00e9ho pr\u00e1vn\u00edho d\u016fvodu, [&hellip;]<\/p>","protected":false},"author":1,"featured_media":0,"parent":0,"menu_order":0,"comment_status":"closed","ping_status":"closed","template":"","meta":{"footnotes":""},"class_list":["post-3","page","type-page","status-publish","hentry"],"_links":{"self":[{"href":"https:\/\/eshop.potravinarskypavilon.cz\/en\/wp-json\/wp\/v2\/pages\/3","targetHints":{"allow":["GET"]}}],"collection":[{"href":"https:\/\/eshop.potravinarskypavilon.cz\/en\/wp-json\/wp\/v2\/pages"}],"about":[{"href":"https:\/\/eshop.potravinarskypavilon.cz\/en\/wp-json\/wp\/v2\/types\/page"}],"author":[{"embeddable":true,"href":"https:\/\/eshop.potravinarskypavilon.cz\/en\/wp-json\/wp\/v2\/users\/1"}],"replies":[{"embeddable":true,"href":"https:\/\/eshop.potravinarskypavilon.cz\/en\/wp-json\/wp\/v2\/comments?post=3"}],"version-history":[{"count":0,"href":"https:\/\/eshop.potravinarskypavilon.cz\/en\/wp-json\/wp\/v2\/pages\/3\/revisions"}],"wp:attachment":[{"href":"https:\/\/eshop.potravinarskypavilon.cz\/en\/wp-json\/wp\/v2\/media?parent=3"}],"curies":[{"name":"wp","href":"https:\/\/api.w.org\/{rel}","templated":true}]}}